{"id":619,"date":"2024-08-21T11:42:51","date_gmt":"2024-08-21T09:42:51","guid":{"rendered":"https:\/\/yesusinteraction.com\/?page_id=619"},"modified":"2024-08-21T14:51:59","modified_gmt":"2024-08-21T12:51:59","slug":"zairo-la-grazia-e-ingannevole","status":"publish","type":"page","link":"https:\/\/yesusinteraction.com\/es\/zairo-la-gracia-es-enganosa\/","title":{"rendered":"Zairo &#8211; La grazia \u00e8 ingannevole"},"content":{"rendered":"<div data-elementor-type=\"wp-page\" data-elementor-id=\"619\" class=\"elementor elementor-619\" data-elementor-post-type=\"page\">\n\t\t\t\t<div data-particle_enable=\"false\" data-particle-mobile-disabled=\"false\" class=\"elementor-element elementor-element-231f9fd e-flex e-con-boxed e-con e-parent\" data-id=\"231f9fd\" data-element_type=\"container\" data-settings=\"{&quot;background_background&quot;:&quot;classic&quot;}\">\n\t\t\t\t\t<div class=\"e-con-inner\">\n\t\t\t\t\t<\/div>\n\t\t\t\t<\/div>\n\t\t<div data-particle_enable=\"false\" data-particle-mobile-disabled=\"false\" class=\"elementor-element elementor-element-8fb37e4 e-flex e-con-boxed e-con e-parent\" data-id=\"8fb37e4\" data-element_type=\"container\">\n\t\t\t\t\t<div class=\"e-con-inner\">\n\t\t\t\t\t<\/div>\n\t\t\t\t<\/div>\n\t\t<div data-particle_enable=\"false\" data-particle-mobile-disabled=\"false\" class=\"elementor-element elementor-element-b97b1ae e-flex e-con-boxed e-con e-parent\" data-id=\"b97b1ae\" data-element_type=\"container\">\n\t\t\t\t\t<div class=\"e-con-inner\">\n\t\t<div data-particle_enable=\"false\" data-particle-mobile-disabled=\"false\" class=\"elementor-element elementor-element-3fd1635 e-con-full e-flex e-con e-child\" data-id=\"3fd1635\" data-element_type=\"container\">\n\t\t\t\t<div class=\"elementor-element elementor-element-8627ef5 elementor-widget elementor-widget-image\" data-id=\"8627ef5\" data-element_type=\"widget\" data-widget_type=\"image.default\">\n\t\t\t\t<div class=\"elementor-widget-container\">\n\t\t\t\t\t\t\t\t\t\t\t\t\t\t\t<img fetchpriority=\"high\" decoding=\"async\" width=\"663\" height=\"1024\" src=\"https:\/\/yesusinteraction.com\/wp-content\/uploads\/2024\/08\/618pnhbBOxL._SL1500_-663x1024.jpg\" class=\"attachment-large size-large wp-image-620\" alt=\"\" srcset=\"https:\/\/yesusinteraction.com\/wp-content\/uploads\/2024\/08\/618pnhbBOxL._SL1500_-663x1024.jpg 663w, https:\/\/yesusinteraction.com\/wp-content\/uploads\/2024\/08\/618pnhbBOxL._SL1500_-194x300.jpg 194w, https:\/\/yesusinteraction.com\/wp-content\/uploads\/2024\/08\/618pnhbBOxL._SL1500_-768x1186.jpg 768w, https:\/\/yesusinteraction.com\/wp-content\/uploads\/2024\/08\/618pnhbBOxL._SL1500_-8x12.jpg 8w, https:\/\/yesusinteraction.com\/wp-content\/uploads\/2024\/08\/618pnhbBOxL._SL1500_.jpg 971w\" sizes=\"(max-width: 663px) 100vw, 663px\" \/>\t\t\t\t\t\t\t\t\t\t\t\t\t\t\t<\/div>\n\t\t\t\t<\/div>\n\t\t\t\t<\/div>\n\t\t<div data-particle_enable=\"false\" data-particle-mobile-disabled=\"false\" class=\"elementor-element elementor-element-02801de e-con-full e-flex e-con e-child\" data-id=\"02801de\" data-element_type=\"container\">\n\t\t\t\t<div class=\"elementor-element elementor-element-d19c98a elementor-widget elementor-widget-heading\" data-id=\"d19c98a\" data-element_type=\"widget\" data-widget_type=\"heading.default\">\n\t\t\t\t<div class=\"elementor-widget-container\">\n\t\t\t\t\t<h2 class=\"elementor-heading-title elementor-size-default\">Zairo <br> La gracia es enga\u00f1osa\n<\/h2>\t\t\t\t<\/div>\n\t\t\t\t<\/div>\n\t\t\t\t<div class=\"elementor-element elementor-element-a4eecb4 elementor-icon-list--layout-inline elementor-align-center elementor-list-item-link-full_width elementor-invisible elementor-widget elementor-widget-icon-list\" data-id=\"a4eecb4\" data-element_type=\"widget\" data-settings=\"{&quot;_animation&quot;:&quot;wobble&quot;}\" data-widget_type=\"icon-list.default\">\n\t\t\t\t<div class=\"elementor-widget-container\">\n\t\t\t\t\t\t\t<ul class=\"elementor-icon-list-items elementor-inline-items\">\n\t\t\t\t\t\t\t<li class=\"elementor-icon-list-item elementor-inline-item\">\n\t\t\t\t\t\t\t\t\t\t\t<span class=\"elementor-icon-list-icon\">\n\t\t\t\t\t\t\t<svg xmlns=\"http:\/\/www.w3.org\/2000\/svg\" id=\"Capa_1\" height=\"512\" viewbox=\"0 0 512 512\" width=\"512\"><g><path d=\"m425.432 180.667c37.354 0 67.742-30.39 67.742-67.743s-30.389-67.742-67.742-67.742-67.742 30.389-67.742 67.742c0 14.876 4.832 28.639 12.992 39.826l-49.366 43.198c-11.747-27.183-38.692-45.342-69.081-45.342-15.584 0-30.742 4.85-43.374 13.76l-28.882-28.882h4.986c24.62 0 44.649-20.029 44.649-44.649v-46.186c-.001-24.62-20.03-44.649-44.65-44.649h-24.287c-4.143 0-7.5 3.357-7.5 7.5s3.357 7.5 7.5 7.5h24.287c16.349 0 29.649 13.301 29.649 29.649v46.186c0 16.349-13.301 29.649-29.649 29.649h-121.488c-16.349 0-29.649-13.301-29.649-29.649v-46.186c-.001-16.348 13.3-29.649 29.649-29.649h62.06c4.143 0 7.5-3.357 7.5-7.5s-3.357-7.5-7.5-7.5h-62.06c-24.62 0-44.649 20.029-44.649 44.649v46.186c0 24.62 20.029 44.649 44.649 44.649h95.288l38.731 38.732c-11.422 12.089-18.493 27.602-20.144 44.163h-61.444c-3.486-17.163-18.692-30.121-36.868-30.121-20.744 0-37.621 16.877-37.621 37.621s16.876 37.621 37.62 37.621c18.176 0 33.382-12.958 36.868-30.121h61.438c1.077 10.809 4.46 21.084 9.75 30.225l-72.551 68.272c-8.113-5.107-17.702-8.073-27.975-8.073-29.049 0-52.682 23.633-52.682 52.682s23.633 52.683 52.682 52.683 52.682-23.634 52.682-52.683c0-13.346-4.997-25.54-13.207-34.833l69.901-65.778c6.05 6.816 13.377 12.566 21.72 16.871l-.007 107.857c0 61.425 49.978 111.398 111.408 111.398 26.582 0 52.323-9.521 72.483-26.808 3.145-2.696 3.508-7.431.811-10.575-2.696-3.145-7.432-3.509-10.575-.811-17.443 14.957-39.718 23.194-62.719 23.194-53.159 0-96.408-43.244-96.408-96.398.002-28.607.008-115.604.01-145.905.235-9.95 8.504-18.034 18.465-18.034 10.187 0 18.474 8.288 18.474 18.475v88.315c0 4.143 3.357 7.5 7.5 7.5s7.5-3.357 7.5-7.5c0-10.186 8.292-18.475 18.485-18.475 10.187 0 18.475 8.288 18.475 18.475 0 4.143 3.357 7.5 7.5 7.5 4.142 0 7.5-3.357 7.5-7.5 0-10.186 8.287-18.475 18.474-18.475s18.475 8.288 18.475 18.475c0 4.143 3.357 7.5 7.5 7.5s7.5-3.357 7.5-7.5c0-10.186 8.288-18.475 18.475-18.475s18.475 8.288 18.475 18.475v57.15c0 16.96-4.463 33.631-12.906 48.211-2.076 3.585-.853 8.174 2.731 10.249 3.586 2.078 8.174.853 10.249-2.731 9.765-16.862 14.926-36.133 14.926-55.729v-57.15c0-18.458-15.017-33.475-33.475-33.475-10.47 0-19.832 4.831-25.975 12.381-13.422-16.497-38.51-16.516-51.948 0-10.947-13.454-30.194-16.286-44.46-6.806v-21.72c30.843-14.692 48.009-48.595 41.543-82.18l54.657-47.828c11.927 10.472 27.541 16.842 44.625 16.842zm-338.864 233.5c-20.777 0-37.682-16.904-37.682-37.683 0-20.777 16.904-37.682 37.682-37.682 20.777 0 37.682 16.904 37.682 37.682 0 20.779-16.904 37.683-37.682 37.683zm338.864-353.985c29.082 0 52.742 23.66 52.742 52.742 0 29.083-23.66 52.743-52.742 52.743s-52.742-23.66-52.742-52.743c0-29.082 23.66-52.742 52.742-52.742zm-346.394 188.318c-12.474 0-22.621-10.148-22.621-22.621 0-12.474 10.147-22.621 22.621-22.621s22.621 10.148 22.621 22.621-10.147 22.621-22.621 22.621zm205.567 28.232v-21.596c0-18.458-15.017-33.475-33.474-33.475-18.765 0-33.465 15.719-33.465 32.952l-.001 20.646c-15.804-11.052-25.703-29.34-25.703-49.381 0-17.66 7.703-34.366 21.14-45.837 10.888-9.309 24.786-14.436 39.133-14.436 27.522 0 51.524 18.584 58.372 45.197 6.61 25.633-4.377 52.151-26.002 65.93z\"><\/path><path d=\"m63.977 60.182h60.242c4.143 0 7.5-3.357 7.5-7.5 0-4.142-3.357-7.5-7.5-7.5h-60.242c-4.142 0-7.5 3.358-7.5 7.5s3.358 7.5 7.5 7.5z\"><\/path><path d=\"m63.977 90.303h120.484c4.143 0 7.5-3.357 7.5-7.5 0-4.142-3.357-7.5-7.5-7.5h-120.484c-4.142 0-7.5 3.358-7.5 7.5s3.358 7.5 7.5 7.5z\"><\/path><\/g><\/svg>\t\t\t\t\t\t<\/span>\n\t\t\t\t\t\t\t\t\t\t<span class=\"elementor-icon-list-text\">LIBRO INTERACTIVO<\/span>\n\t\t\t\t\t\t\t\t\t<\/li>\n\t\t\t\t\t\t<\/ul>\n\t\t\t\t\t\t<\/div>\n\t\t\t\t<\/div>\n\t\t\t\t<div class=\"elementor-element elementor-element-3851652 elementor-widget elementor-widget-text-editor\" data-id=\"3851652\" data-element_type=\"widget\" data-widget_type=\"text-editor.default\">\n\t\t\t\t<div class=\"elementor-widget-container\">\n\t\t\t\t\t\t\t\t\t<p>En una N\u00e1poles asfixiada por los acuerdos entre el Estado y el crimen organizado, Patrick Lian es el h\u00e9roe que todos necesitan. Adoptado muy joven por Mister Lian, jefe de la mafia china, Patrick lleg\u00f3 a un acuerdo con los servicios secretos. Hoy trabaja para los \"buenos\" y cree firmemente en la justicia. Pero a\u00fan queda mucho camino por recorrer para un hombre que ha renunciado a un impresionante legado criminal. La verdadera guerra se libra en la \"tierra interior\", donde los movimientos internos del Bien y del Mal dan lugar a los terremotos m\u00e1s violentos.<\/p><p><br>Dividido entre el afecto que siente por su hermano Daniel, el recuerdo de un amigo de la infancia que siempre crey\u00f3 en \u00e9l y la amenaza de Dark Star, una nueva y oscura organizaci\u00f3n criminal, la luz que Patrick lleva dentro tiene que llegar a un acuerdo con la zona gris que habita en cada hombre.<\/p>\t\t\t\t\t\t\t\t<\/div>\n\t\t\t\t<\/div>\n\t\t\t\t<div class=\"elementor-element elementor-element-328ba89 elementor-align-center elementor-widget elementor-widget-button\" data-id=\"328ba89\" data-element_type=\"widget\" data-widget_type=\"button.default\">\n\t\t\t\t<div class=\"elementor-widget-container\">\n\t\t\t\t\t\t\t\t\t<div class=\"elementor-button-wrapper\">\n\t\t\t\t\t<a class=\"elementor-button elementor-button-link elementor-size-sm\" href=\"https:\/\/www.amazon.it\/Zairo-grazia-ingannevole-Max-Farace\/dp\/B0D8BLCW47\/ref=sr_1_1?crid=1WAK9PMB1QXCJ&#038;dib=eyJ2IjoiMSJ9.dtWlEr9Jc_9wUGE8Bf8TaA.jbPdJKIBc1O8gVRYgh5scsVRwbKR5Ez3R_wMK78TA_E&#038;dib_tag=se&#038;keywords=Zairo-grazia-ingannevole-Max-Farace%2F&#038;qid=1724244698&#038;sprefix=zairo-grazia-ingannevole-max-farace%2F%2Caps%2C192&#038;sr=8-1\" target=\"_blank\">\n\t\t\t\t\t\t<span class=\"elementor-button-content-wrapper\">\n\t\t\t\t\t\t<span class=\"elementor-button-icon\">\n\t\t\t\t<svg aria-hidden=\"true\" class=\"e-font-icon-svg e-fab-amazon\" viewbox=\"0 0 448 512\" xmlns=\"http:\/\/www.w3.org\/2000\/svg\"><path d=\"M257.2 162.7c-48.7 1.8-169.5 15.5-169.5 117.5 0 109.5 138.3 114 183.5 43.2 6.5 10.2 35.4 37.5 45.3 46.8l56.8-56S341 288.9 341 261.4V114.3C341 89 316.5 32 228.7 32 140.7 32 94 87 94 136.3l73.5 6.8c16.3-49.5 54.2-49.5 54.2-49.5 40.7-.1 35.5 29.8 35.5 69.1zm0 86.8c0 80-84.2 68-84.2 17.2 0-47.2 50.5-56.7 84.2-57.8v40.6zm136 163.5c-7.7 10-70 67-174.5 67S34.2 408.5 9.7 379c-6.8-7.7 1-11.3 5.5-8.3C88.5 415.2 203 488.5 387.7 401c7.5-3.7 13.3 2 5.5 12zm39.8 2.2c-6.5 15.8-16 26.8-21.2 31-5.5 4.5-9.5 2.7-6.5-3.8s19.3-46.5 12.7-55c-6.5-8.3-37-4.3-48-3.2-10.8 1-13 2-14-.3-2.3-5.7 21.7-15.5 37.5-17.5 15.7-1.8 41-.8 46 5.7 3.7 5.1 0 27.1-6.5 43.1z\"><\/path><\/svg>\t\t\t<\/span>\n\t\t\t\t\t\t\t\t\t<span class=\"elementor-button-text\">Comprar en Amazon<\/span>\n\t\t\t\t\t<\/span>\n\t\t\t\t\t<\/a>\n\t\t\t\t<\/div>\n\t\t\t\t\t\t\t\t<\/div>\n\t\t\t\t<\/div>\n\t\t\t\t<\/div>\n\t\t\t\t\t<\/div>\n\t\t\t\t<\/div>\n\t\t\t\t<\/div>","protected":false},"excerpt":{"rendered":"<p>Zairo La grazia \u00e8 ingannevole INTERACTIVE BOOK In una Napoli soffocata dagli accordi tra Stato e criminalit\u00e0 organizzata, Patrick Lian \u00e8 l\u2019eroe di cui tutti hanno bisogno. Adottato in tenera et\u00e0 da Mister Lian, capofamiglia della mala cinese, Patrick ha siglato un accordo con i Servizi Segreti. Oggi lavora per i \u201cbuoni\u201d e crede fermamente [&hellip;]<\/p>","protected":false},"author":1,"featured_media":0,"parent":0,"menu_order":0,"comment_status":"closed","ping_status":"closed","template":"elementor_header_footer","meta":{"iawp_total_views":27,"footnotes":""},"class_list":["post-619","page","type-page","status-publish","hentry"],"_links":{"self":[{"href":"https:\/\/yesusinteraction.com\/es\/wp-json\/wp\/v2\/pages\/619","targetHints":{"allow":["GET"]}}],"collection":[{"href":"https:\/\/yesusinteraction.com\/es\/wp-json\/wp\/v2\/pages"}],"about":[{"href":"https:\/\/yesusinteraction.com\/es\/wp-json\/wp\/v2\/types\/page"}],"author":[{"embeddable":true,"href":"https:\/\/yesusinteraction.com\/es\/wp-json\/wp\/v2\/users\/1"}],"replies":[{"embeddable":true,"href":"https:\/\/yesusinteraction.com\/es\/wp-json\/wp\/v2\/comments?post=619"}],"version-history":[{"count":15,"href":"https:\/\/yesusinteraction.com\/es\/wp-json\/wp\/v2\/pages\/619\/revisions"}],"predecessor-version":[{"id":638,"href":"https:\/\/yesusinteraction.com\/es\/wp-json\/wp\/v2\/pages\/619\/revisions\/638"}],"wp:attachment":[{"href":"https:\/\/yesusinteraction.com\/es\/wp-json\/wp\/v2\/media?parent=619"}],"curies":[{"name":"wp","href":"https:\/\/api.w.org\/{rel}","templated":true}]}}